{"id":89,"date":"2026-02-21T21:22:20","date_gmt":"2026-02-21T21:22:20","guid":{"rendered":"https:\/\/viel-gs.de\/?page_id=89"},"modified":"2026-03-18T20:26:11","modified_gmt":"2026-03-18T20:26:11","slug":"unternehmen","status":"publish","type":"page","link":"https:\/\/viel-gs.de\/en\/unternehmen\/","title":{"rendered":"Company"},"content":{"rendered":"\t\t<div data-elementor-type=\"wp-page\" data-elementor-id=\"89\" class=\"elementor elementor-89\" data-elementor-post-type=\"page\">\n\t\t\t\t<div class=\"elementor-element elementor-element-078f145 e-con-full e-flex e-con e-parent\" data-id=\"078f145\" data-element_type=\"container\" data-e-type=\"container\" data-settings=\"{&quot;background_background&quot;:&quot;classic&quot;}\">\n\t\t<div class=\"elementor-element elementor-element-5eb6670 e-con-full e-flex e-con e-child\" data-id=\"5eb6670\" data-element_type=\"container\" data-e-type=\"container\" data-settings=\"{&quot;background_background&quot;:&quot;classic&quot;}\">\n\t\t\t\t<div class=\"elementor-element elementor-element-857d1f5 elementor-widget elementor-widget-heading\" data-id=\"857d1f5\" data-element_type=\"widget\" data-e-type=\"widget\" data-widget_type=\"heading.default\">\n\t\t\t\t\t<h2 class=\"elementor-heading-title elementor-size-default\">Unternehmen<\/h2>\t\t\t\t<\/div>\n\t\t\t\t<div class=\"elementor-element elementor-element-879891a elementor-widget elementor-widget-text-editor\" data-id=\"879891a\" data-element_type=\"widget\" data-e-type=\"widget\" data-widget_type=\"text-editor.default\">\n\t\t\t\t\t\t\t\t\t<p class=\"p1\">Sauberkeit ist fu\u0308r uns mehr als nur ein Beruf \u2013 sie ist unser Versprechen. Als zuverl\u00e4ssiger Partner in der professionellen Geb\u00e4udereinigung schaffen wir hygienische und gepflegte R\u00e4ume, in denen sich Menschen wohl und sicher fu\u0308hlen. Ob Bu\u0308ro, Wohnanlage, Praxis oder Gewerbefl\u00e4che \u2013 wir liefern verl\u00e4ssliche Qualit\u00e4t, individuell auf Ihre Anforderungen abgestimmt.<\/p><p>\u00a0<\/p><p class=\"p1\">Unser erfahrenes Team arbeitet pr\u00e4zise, verantwortungsbewusst und mit h\u00f6chster Sorgfalt. Wir stehen fu\u0308r Termintreue, transparente Kommunikation und langfristige Zusammenarbeit auf Vertrauensbasis. Ihre Zufriedenheit hat fu\u0308r uns oberste Priorit\u00e4t.<\/p>\t\t\t\t\t\t\t\t<\/div>\n\t\t\t\t<\/div>\n\t\t<div class=\"elementor-element elementor-element-3a01e63 e-con-full e-flex e-con e-child\" data-id=\"3a01e63\" data-element_type=\"container\" data-e-type=\"container\" data-settings=\"{&quot;background_background&quot;:&quot;classic&quot;}\">\n\t\t\t\t<\/div>\n\t\t\t\t<\/div>\n\t\t<div class=\"elementor-element elementor-element-c134f49 e-con-full e-flex e-con e-parent\" data-id=\"c134f49\" data-element_type=\"container\" data-e-type=\"container\">\n\t\t\t\t<div class=\"elementor-element elementor-element-ebce2a0 elementor-widget elementor-widget-heading\" data-id=\"ebce2a0\" data-element_type=\"widget\" data-e-type=\"widget\" data-widget_type=\"heading.default\">\n\t\t\t\t\t<h2 class=\"elementor-heading-title elementor-size-default\">Unsere Unternehmenswerte<\/h2>\t\t\t\t<\/div>\n\t\t\t\t<\/div>\n\t\t<div class=\"elementor-element elementor-element-4d85fbf e-con-full e-flex e-con e-parent\" data-id=\"4d85fbf\" data-element_type=\"container\" data-e-type=\"container\">\n\t\t\t\t<div class=\"elementor-element elementor-element-fe62654 elementor-position-top elementor-widget elementor-widget-image-box\" data-id=\"fe62654\" data-element_type=\"widget\" data-e-type=\"widget\" data-widget_type=\"image-box.default\">\n\t\t\t\t\t<div class=\"elementor-image-box-wrapper\"><figure class=\"elementor-image-box-img\"><img fetchpriority=\"high\" decoding=\"async\" width=\"2009\" height=\"2009\" src=\"https:\/\/viel-gs.de\/wp-content\/uploads\/2026\/03\/truckrun-8iDaJg7TPz4-unsplash-2.jpg\" class=\"attachment-full size-full wp-image-574\" alt=\"\" srcset=\"https:\/\/viel-gs.de\/wp-content\/uploads\/2026\/03\/truckrun-8iDaJg7TPz4-unsplash-2.jpg 2009w, https:\/\/viel-gs.de\/wp-content\/uploads\/2026\/03\/truckrun-8iDaJg7TPz4-unsplash-2-300x300.jpg 300w, https:\/\/viel-gs.de\/wp-content\/uploads\/2026\/03\/truckrun-8iDaJg7TPz4-unsplash-2-1024x1024.jpg 1024w, https:\/\/viel-gs.de\/wp-content\/uploads\/2026\/03\/truckrun-8iDaJg7TPz4-unsplash-2-150x150.jpg 150w, https:\/\/viel-gs.de\/wp-content\/uploads\/2026\/03\/truckrun-8iDaJg7TPz4-unsplash-2-768x768.jpg 768w, https:\/\/viel-gs.de\/wp-content\/uploads\/2026\/03\/truckrun-8iDaJg7TPz4-unsplash-2-1536x1536.jpg 1536w\" sizes=\"(max-width: 2009px) 100vw, 2009px\" \/><\/figure><div class=\"elementor-image-box-content\"><h3 class=\"elementor-image-box-title\">Zuverl\u00e4ssigkeit &amp; Verantwortung<\/h3><p class=\"elementor-image-box-description\">Wir halten unsere Zusagen ein und erbringen\nunsere Leistungen stets termingerecht.\nUnsere Kunden vertrauen auf gleichbleibend\nhohe Qualit\u00e4t und ein ausgepr\u00e4gtes\nVerantwortungsbewusstsein bei jedem\nAuftrag.<\/p><\/div><\/div>\t\t\t\t<\/div>\n\t\t\t\t<div class=\"elementor-element elementor-element-e2c6893 elementor-position-top elementor-widget elementor-widget-image-box\" data-id=\"e2c6893\" data-element_type=\"widget\" data-e-type=\"widget\" data-widget_type=\"image-box.default\">\n\t\t\t\t\t<div class=\"elementor-image-box-wrapper\"><figure class=\"elementor-image-box-img\"><img decoding=\"async\" width=\"2009\" height=\"2009\" src=\"https:\/\/viel-gs.de\/wp-content\/uploads\/2026\/03\/toon-lambrechts-E1HSxmVG5lE-unsplash-1.jpg\" class=\"attachment-full size-full wp-image-571\" alt=\"Hands with white gloves cleaning a metal surface\" srcset=\"https:\/\/viel-gs.de\/wp-content\/uploads\/2026\/03\/toon-lambrechts-E1HSxmVG5lE-unsplash-1.jpg 2009w, https:\/\/viel-gs.de\/wp-content\/uploads\/2026\/03\/toon-lambrechts-E1HSxmVG5lE-unsplash-1-300x300.jpg 300w, https:\/\/viel-gs.de\/wp-content\/uploads\/2026\/03\/toon-lambrechts-E1HSxmVG5lE-unsplash-1-1024x1024.jpg 1024w, https:\/\/viel-gs.de\/wp-content\/uploads\/2026\/03\/toon-lambrechts-E1HSxmVG5lE-unsplash-1-150x150.jpg 150w, https:\/\/viel-gs.de\/wp-content\/uploads\/2026\/03\/toon-lambrechts-E1HSxmVG5lE-unsplash-1-768x768.jpg 768w, https:\/\/viel-gs.de\/wp-content\/uploads\/2026\/03\/toon-lambrechts-E1HSxmVG5lE-unsplash-1-1536x1536.jpg 1536w\" sizes=\"(max-width: 2009px) 100vw, 2009px\" \/><\/figure><div class=\"elementor-image-box-content\"><h3 class=\"elementor-image-box-title\">Pr\u00e4zision &amp; Qualit\u00e4t<\/h3><p class=\"elementor-image-box-description\">Sorgfalt bis ins Detail pr\u00e4gt unsere t\u00e4gliche\nArbeit und garantiert exzellente Ergebnisse.\nMit professionellen Standards und\nkonsequenter Qualit\u00e4tskontrolle u\u0308bertreffen\nwir Erwartungen.<\/p><\/div><\/div>\t\t\t\t<\/div>\n\t\t\t\t<div class=\"elementor-element elementor-element-22dc4f3 elementor-position-top elementor-widget elementor-widget-image-box\" data-id=\"22dc4f3\" data-element_type=\"widget\" data-e-type=\"widget\" data-widget_type=\"image-box.default\">\n\t\t\t\t\t<div class=\"elementor-image-box-wrapper\"><figure class=\"elementor-image-box-img\"><img decoding=\"async\" width=\"2009\" height=\"2017\" src=\"https:\/\/viel-gs.de\/wp-content\/uploads\/2026\/03\/vitaly-gariev-lZXX-QVdyXY-unsplash-1.jpg\" class=\"attachment-full size-full wp-image-573\" alt=\"Two people sitting and shaking hands\" srcset=\"https:\/\/viel-gs.de\/wp-content\/uploads\/2026\/03\/vitaly-gariev-lZXX-QVdyXY-unsplash-1.jpg 2009w, https:\/\/viel-gs.de\/wp-content\/uploads\/2026\/03\/vitaly-gariev-lZXX-QVdyXY-unsplash-1-300x300.jpg 300w, https:\/\/viel-gs.de\/wp-content\/uploads\/2026\/03\/vitaly-gariev-lZXX-QVdyXY-unsplash-1-1020x1024.jpg 1020w, https:\/\/viel-gs.de\/wp-content\/uploads\/2026\/03\/vitaly-gariev-lZXX-QVdyXY-unsplash-1-150x150.jpg 150w, https:\/\/viel-gs.de\/wp-content\/uploads\/2026\/03\/vitaly-gariev-lZXX-QVdyXY-unsplash-1-768x771.jpg 768w, https:\/\/viel-gs.de\/wp-content\/uploads\/2026\/03\/vitaly-gariev-lZXX-QVdyXY-unsplash-1-1530x1536.jpg 1530w\" sizes=\"(max-width: 2009px) 100vw, 2009px\" \/><\/figure><div class=\"elementor-image-box-content\"><h3 class=\"elementor-image-box-title\">Vertrauen &amp; Partnerschaft<\/h3><p class=\"elementor-image-box-description\">Durch Ehrlichkeit und transparente\nKommunikation schaffen wir langfristige\nBeziehungen. Indem wir Ihre Anforderungen\ngenau verstehen, entwickeln wir\nma\u00dfgeschneiderte L\u00f6sungen fu\u0308r eine\nnachhaltige Zusammenarbeit.<\/p><\/div><\/div>\t\t\t\t<\/div>\n\t\t\t\t<\/div>\n\t\t<div class=\"elementor-element elementor-element-70ea541 e-con-full e-flex e-con e-parent\" data-id=\"70ea541\" data-element_type=\"container\" data-e-type=\"container\">\n\t\t\t\t<div class=\"elementor-element elementor-element-bb34e19 elementor-widget-divider--view-line elementor-widget elementor-widget-divider\" data-id=\"bb34e19\" data-element_type=\"widget\" data-e-type=\"widget\" data-widget_type=\"divider.default\">\n\t\t\t\t\t\t\t<div class=\"elementor-divider\">\n\t\t\t<span class=\"elementor-divider-separator\">\n\t\t\t\t\t\t<\/span>\n\t\t<\/div>\n\t\t\t\t\t\t<\/div>\n\t\t\t\t<\/div>\n\t\t<div class=\"elementor-element elementor-element-6d864ed e-con-full e-flex e-con e-parent\" data-id=\"6d864ed\" data-element_type=\"container\" data-e-type=\"container\">\n\t\t\t\t<div class=\"elementor-element elementor-element-43a2ad0 elementor-widget-tablet__width-initial elementor-widget-mobile__width-initial elementor-widget__width-initial link-dark-blue elementor-widget elementor-widget-text-editor\" data-id=\"43a2ad0\" data-element_type=\"widget\" data-e-type=\"widget\" data-widget_type=\"text-editor.default\">\n\t\t\t\t\t\t\t\t\t<h2><strong>Wir sind f\u00fcr Sie da!<\/strong><\/h2><p>Haben Sie Fragen oder w\u00fcnschen ein unverbindliches Angebot?<\/p><p>Wir beraten Sie gerne pers\u00f6nlich und bieten Ihnen auf Wunsch eine <strong data-start=\"1186\" data-end=\"1233\">kostenlose Erstbesichtigung Ihrer Immobilie<\/strong> an.<\/p><p><strong><i class=\"fas fa-envelope\"><\/i> info@viel-gs.de<\/strong><\/p><p><strong><i class=\"fas fa-phone-square-alt\"><\/i> 030 21467832<\/strong><\/p><p class=\"p1\">Oder nutzen Sie einfach unser Kontaktformular. Wir melden uns schnellstm\u00f6glich bei Ihnen.<\/p>\t\t\t\t\t\t\t\t<\/div>\n\t\t\t\t<div class=\"elementor-element elementor-element-b34cece elementor-widget__width-initial elementor-widget-tablet__width-initial elementor-widget-mobile__width-initial elementor-button-align-stretch elementor-widget elementor-widget-form\" data-id=\"b34cece\" data-element_type=\"widget\" data-e-type=\"widget\" data-settings=\"{&quot;step_next_label&quot;:&quot;N\\u00e4chster&quot;,&quot;step_previous_label&quot;:&quot;Voriger&quot;,&quot;button_width&quot;:&quot;100&quot;,&quot;step_type&quot;:&quot;number_text&quot;,&quot;step_icon_shape&quot;:&quot;circle&quot;}\" data-widget_type=\"form.default\">\n\t\t\t\t\t\t\t<form class=\"elementor-form\" method=\"post\" name=\"Neues Formular\" aria-label=\"Neues Formular\">\n\t\t\t<input type=\"hidden\" name=\"post_id\" value=\"89\"\/>\n\t\t\t<input type=\"hidden\" name=\"form_id\" value=\"b34cece\"\/>\n\t\t\t<input type=\"hidden\" name=\"referer_title\" value=\"Unternehmen\" \/>\n\n\t\t\t\t\t\t\t<input type=\"hidden\" name=\"queried_id\" value=\"89\"\/>\n\t\t\t\n\t\t\t<div class=\"elementor-form-fields-wrapper elementor-labels-above\">\n\t\t\t\t\t\t\t\t<div class=\"elementor-field-type-text elementor-field-group elementor-column elementor-field-group-name elementor-col-100 elementor-field-required elementor-mark-required\">\n\t\t\t\t\t\t\t\t\t\t\t\t<label for=\"form-field-name\" class=\"elementor-field-label\">\n\t\t\t\t\t\t\t\tName\t\t\t\t\t\t\t<\/label>\n\t\t\t\t\t\t\t\t\t\t\t\t\t\t<input size=\"1\" type=\"text\" name=\"form_fields[name]\" id=\"form-field-name\" class=\"elementor-field elementor-size-sm  elementor-field-textual\" placeholder=\"Name\" required=\"required\">\n\t\t\t\t\t\t\t\t\t\t\t<\/div>\n\t\t\t\t\t\t\t\t<div class=\"elementor-field-type-text elementor-field-group elementor-column elementor-field-group-field_e6dd4b1 elementor-col-100\">\n\t\t\t\t\t\t\t\t\t\t\t\t<label for=\"form-field-field_e6dd4b1\" class=\"elementor-field-label\">\n\t\t\t\t\t\t\t\tFirma\t\t\t\t\t\t\t<\/label>\n\t\t\t\t\t\t\t\t\t\t\t\t\t\t<input size=\"1\" type=\"text\" name=\"form_fields[field_e6dd4b1]\" id=\"form-field-field_e6dd4b1\" class=\"elementor-field elementor-size-sm  elementor-field-textual\">\n\t\t\t\t\t\t\t\t\t\t\t<\/div>\n\t\t\t\t\t\t\t\t<div class=\"elementor-field-type-email elementor-field-group elementor-column elementor-field-group-email elementor-col-100 elementor-field-required elementor-mark-required\">\n\t\t\t\t\t\t\t\t\t\t\t\t<label for=\"form-field-email\" class=\"elementor-field-label\">\n\t\t\t\t\t\t\t\tE-Mail\t\t\t\t\t\t\t<\/label>\n\t\t\t\t\t\t\t\t\t\t\t\t\t\t<input size=\"1\" type=\"email\" name=\"form_fields[email]\" id=\"form-field-email\" class=\"elementor-field elementor-size-sm  elementor-field-textual\" placeholder=\"E-Mail\" required=\"required\">\n\t\t\t\t\t\t\t\t\t\t\t<\/div>\n\t\t\t\t\t\t\t\t<div class=\"elementor-field-type-textarea elementor-field-group elementor-column elementor-field-group-message elementor-col-100 elementor-field-required elementor-mark-required\">\n\t\t\t\t\t\t\t\t\t\t\t\t<label for=\"form-field-message\" class=\"elementor-field-label\">\n\t\t\t\t\t\t\t\tNachricht\t\t\t\t\t\t\t<\/label>\n\t\t\t\t\t\t<textarea class=\"elementor-field-textual elementor-field  elementor-size-sm\" name=\"form_fields[message]\" id=\"form-field-message\" rows=\"4\" placeholder=\"Nachricht\" required=\"required\"><\/textarea>\t\t\t\t<\/div>\n\t\t\t\t\t\t\t\t<div class=\"elementor-field-type-acceptance elementor-field-group elementor-column elementor-field-group-field_2d03736 elementor-col-100\">\n\t\t\t\t\t\t\t<div class=\"elementor-field-subgroup\">\n\t\t\t<span class=\"elementor-field-option\">\n\t\t\t\t<input type=\"checkbox\" name=\"form_fields[field_2d03736]\" id=\"form-field-field_2d03736\" class=\"elementor-field elementor-size-sm  elementor-acceptance-field\">\n\t\t\t\t<label for=\"form-field-field_2d03736\">Ich habe die <a href=\"\/datenschutzerklaerung\" target=\"_blank\">Datenschutzerkl\u00e4rung<\/a> gelesen und akzeptiere sie.<\/label>\t\t\t<\/span>\n\t\t<\/div>\n\t\t\t\t\t\t<\/div>\n\t\t\t\t\t\t\t\t<div class=\"elementor-field-type-acceptance elementor-field-group elementor-column elementor-field-group-field_901ae10 elementor-col-100\">\n\t\t\t\t\t\t\t<div class=\"elementor-field-subgroup\">\n\t\t\t<span class=\"elementor-field-option\">\n\t\t\t\t<input type=\"checkbox\" name=\"form_fields[field_901ae10]\" id=\"form-field-field_901ae10\" class=\"elementor-field elementor-size-sm  elementor-acceptance-field\">\n\t\t\t\t<label for=\"form-field-field_901ae10\">Einwilligung zur Verarbeitung meiner Daten zum Zweck der Kontaktaufnahme.<\/label>\t\t\t<\/span>\n\t\t<\/div>\n\t\t\t\t\t\t<\/div>\n\t\t\t\t\t\t\t\t<div class=\"elementor-field-group elementor-column elementor-field-type-submit elementor-col-100 e-form__buttons\">\n\t\t\t\t\t<button class=\"elementor-button elementor-size-sm\" type=\"submit\">\n\t\t\t\t\t\t<span class=\"elementor-button-content-wrapper\">\n\t\t\t\t\t\t\t\t\t\t\t\t\t\t\t<span class=\"elementor-button-icon\">\n\t\t\t\t\t\t\t\t\t<svg aria-hidden=\"true\" class=\"e-font-icon-svg e-fas-envelope\" viewBox=\"0 0 512 512\" xmlns=\"http:\/\/www.w3.org\/2000\/svg\"><path d=\"M502.3 190.8c3.9-3.1 9.7-.2 9.7 4.7V400c0 26.5-21.5 48-48 48H48c-26.5 0-48-21.5-48-48V195.6c0-5 5.7-7.8 9.7-4.7 22.4 17.4 52.1 39.5 154.1 113.6 21.1 15.4 56.7 47.8 92.2 47.6 35.7.3 72-32.8 92.3-47.6 102-74.1 131.6-96.3 154-113.7zM256 320c23.2.4 56.6-29.2 73.4-41.4 132.7-96.3 142.8-104.7 173.4-128.7 5.8-4.5 9.2-11.5 9.2-18.9v-19c0-26.5-21.5-48-48-48H48C21.5 64 0 85.5 0 112v19c0 7.4 3.4 14.3 9.2 18.9 30.6 23.9 40.7 32.4 173.4 128.7 16.8 12.2 50.2 41.8 73.4 41.4z\"><\/path><\/svg>\t\t\t\t\t\t\t\t\t\t\t\t\t\t\t\t\t<\/span>\n\t\t\t\t\t\t\t\t\t\t\t\t\t\t\t\t\t\t\t\t\t\t<span class=\"elementor-button-text\">Senden<\/span>\n\t\t\t\t\t\t\t\t\t\t\t\t\t<\/span>\n\t\t\t\t\t<\/button>\n\t\t\t\t<\/div>\n\t\t\t<\/div>\n\t\t<\/form>\n\t\t\t\t\t\t<\/div>\n\t\t\t\t<\/div>\n\t\t\t\t<\/div>\n\t\t","protected":false},"excerpt":{"rendered":"<p>Unternehmen Sauberkeit ist fu\u0308r uns mehr als nur ein Beruf \u2013 sie ist unser Versprechen. Als zuverl\u00e4ssiger Partner in der professionellen Geb\u00e4udereinigung schaffen wir hygienische und gepflegte R\u00e4ume, in denen sich Menschen wohl und sicher fu\u0308hlen. Ob Bu\u0308ro, Wohnanlage, Praxis oder Gewerbefl\u00e4che \u2013 wir liefern verl\u00e4ssliche Qualit\u00e4t, individuell auf Ihre Anforderungen abgestimmt. \u00a0 Unser erfahrenes [&hellip;]<\/p>\n","protected":false},"author":1,"featured_media":0,"parent":0,"menu_order":0,"comment_status":"closed","ping_status":"closed","template":"elementor_theme","meta":{"footnotes":""},"class_list":["post-89","page","type-page","status-publish","hentry"],"_links":{"self":[{"href":"https:\/\/viel-gs.de\/en\/wp-json\/wp\/v2\/pages\/89","targetHints":{"allow":["GET"]}}],"collection":[{"href":"https:\/\/viel-gs.de\/en\/wp-json\/wp\/v2\/pages"}],"about":[{"href":"https:\/\/viel-gs.de\/en\/wp-json\/wp\/v2\/types\/page"}],"author":[{"embeddable":true,"href":"https:\/\/viel-gs.de\/en\/wp-json\/wp\/v2\/users\/1"}],"replies":[{"embeddable":true,"href":"https:\/\/viel-gs.de\/en\/wp-json\/wp\/v2\/comments?post=89"}],"version-history":[{"count":119,"href":"https:\/\/viel-gs.de\/en\/wp-json\/wp\/v2\/pages\/89\/revisions"}],"predecessor-version":[{"id":1133,"href":"https:\/\/viel-gs.de\/en\/wp-json\/wp\/v2\/pages\/89\/revisions\/1133"}],"wp:attachment":[{"href":"https:\/\/viel-gs.de\/en\/wp-json\/wp\/v2\/media?parent=89"}],"curies":[{"name":"wp","href":"https:\/\/api.w.org\/{rel}","templated":true}]}}