{"id":95,"date":"2026-02-10T23:46:18","date_gmt":"2026-02-10T23:46:18","guid":{"rendered":"https:\/\/viel-gs.de\/?page_id=95"},"modified":"2026-05-02T17:59:03","modified_gmt":"2026-05-02T17:59:03","slug":"impressum","status":"publish","type":"page","link":"https:\/\/viel-gs.de\/en\/impressum\/","title":{"rendered":"Imprint"},"content":{"rendered":"<div data-elementor-type=\"wp-page\" data-elementor-id=\"95\" class=\"elementor elementor-95\" data-elementor-post-type=\"page\">\n\t\t\t\t<div class=\"elementor-element elementor-element-69bf584 e-con-full e-flex e-con e-parent\" data-id=\"69bf584\" data-element_type=\"container\" data-e-type=\"container\">\n\t\t\t\t<div class=\"elementor-element elementor-element-1ac9b12 elementor-widget elementor-widget-heading\" data-id=\"1ac9b12\" data-element_type=\"widget\" data-e-type=\"widget\" data-widget_type=\"heading.default\">\n\t\t\t\t\t<h2 class=\"elementor-heading-title elementor-size-default\">Imprint<\/h2>\t\t\t\t<\/div>\n\t\t\t\t<div class=\"elementor-element elementor-element-5927bb3 elementor-widget elementor-widget-text-editor\" data-id=\"5927bb3\" data-element_type=\"widget\" data-e-type=\"widget\" data-widget_type=\"text-editor.default\">\n\t\t\t\t\t\t\t\t\t<p>VIEL Geb\u00e4udeservice GmbH<br \/>Erich-Kuttner-Stra\u00dfe 31<br \/>10369 Berlin<br \/>Represented by:<br \/>Managing Director Marcel Marquardt<\/p><p>Contact<br \/>Telefon: 030 21467832<br \/>E-Mail: info@viel-gs.de<\/p><p>Commercial Register Entry<br \/>Registered in the Commercial Register.<br \/>Register Court: Charlottenburg District Court<br \/>Registration Number: HRB 284906 B<\/p><p>Umsatzsteuer-Identifikationsnummer gem\u00e4\u00df \u00a7 27a UStG: DE 461763095<\/p><p>Online dispute resolution according to Art. 14 (1) ODR Regulation:\nThe European Commission provides a platform for online dispute resolution (ODR), which you can find at https:\/\/ec.europa.eu\/consumers\/odr.<br \/><a href=\"http:\/\/ec.europa.eu\/consumers\/odr\" target=\"_blank\" rel=\"noopener noreferrer\">ec.europa.eu\/consumers\/odr<\/a>\u00a0We are not obliged or willing to participate in dispute resolution proceedings before a consumer arbitration board.<\/p><p>Liability for Content:<\/p><p>The contents of our website have been created with the utmost care. However, we cannot guarantee the accuracy, completeness, or timeliness of the content.\n\nAs a service provider, we are responsible for our own content on these pages in accordance with general laws pursuant to Section 7 (1) of the German Telemedia Act (TMG). According to Sections 8 to 10 TMG, however, we as a service provider are not obligated to monitor transmitted or stored third-party information or to investigate circumstances that indicate illegal activity.\n\nObligations to remove or block the use of information under general laws remain unaffected. However, liability in this regard is only possible from the moment we become aware of a specific legal violation. Upon becoming aware of such legal violations, we will remove the relevant content immediately.<\/p><p>Liability for Links:<\/p><p>Our website contains links to external websites of third parties over whose content we have no influence. Therefore, we cannot assume any liability for such external content. The respective provider or operator of the linked pages is always responsible for the content of those pages.\n\nThe linked pages were checked for possible legal violations at the time the links were created. Illegal content was not identifiable at the time of linking. However, permanent monitoring of the content of the linked pages is not reasonable without concrete evidence of a violation of the law.\n\nIf we become aware of any legal violations, we will remove such links immediately.<\/p><p>Copyright:<br \/>The content and works created by the website operators on these pages are subject to German copyright law. The reproduction, editing, distribution, and any kind of use beyond the limits of copyright law require the written consent of the respective author or creator.\n\nDownloads and copies of this site are permitted only for private, non-commercial use.\n\nInsofar as the content on this site was not created by the operator, the copyrights of third parties are respected. In particular, third-party content is identified as such.\n\nShould you nevertheless become aware of a copyright infringement, please inform us accordingly. Upon notification of violations, we will remove such content immediately.<\/p>\t\t\t\t\t\t\t\t<\/div>\n\t\t\t\t<\/div>\n\t\t\t\t<\/div>","protected":false},"excerpt":{"rendered":"<p>Impressum VIEL Geb\u00e4udeservice GmbHErich-Kuttner-Stra\u00dfe 3110369 BerlinVertreten durch:Gesch\u00e4ftsf\u00fchrer Marcel Marquardt Kontakt:Telefon: 030 21467832E-Mail: info@viel-gs.de Registereintrag:Eintragung im Handelsregister.Registergericht: Amtsgericht CharlottenburgRegisternummer: HRB 284906 B Umsatzsteuer-Identifikationsnummer gem\u00e4\u00df \u00a7 27a UStG: DE 461763095 Online-Streitbeilegung gem\u00e4\u00df Art. 14 Abs. 1 ODR-VO: Die Europ\u00e4ische Kommission stellt eine Plattform zur Online-Streitbeilegung (OS) bereit, die Sie unterec.europa.eu\/consumers\/odr\u00a0finden. Zur Teilnahme an einem Streitbeilegungsverfahren vor einer [&hellip;]<\/p>\n","protected":false},"author":1,"featured_media":0,"parent":0,"menu_order":0,"comment_status":"closed","ping_status":"closed","template":"","meta":{"footnotes":""},"class_list":["post-95","page","type-page","status-publish","hentry"],"_links":{"self":[{"href":"https:\/\/viel-gs.de\/en\/wp-json\/wp\/v2\/pages\/95","targetHints":{"allow":["GET"]}}],"collection":[{"href":"https:\/\/viel-gs.de\/en\/wp-json\/wp\/v2\/pages"}],"about":[{"href":"https:\/\/viel-gs.de\/en\/wp-json\/wp\/v2\/types\/page"}],"author":[{"embeddable":true,"href":"https:\/\/viel-gs.de\/en\/wp-json\/wp\/v2\/users\/1"}],"replies":[{"embeddable":true,"href":"https:\/\/viel-gs.de\/en\/wp-json\/wp\/v2\/comments?post=95"}],"version-history":[{"count":35,"href":"https:\/\/viel-gs.de\/en\/wp-json\/wp\/v2\/pages\/95\/revisions"}],"predecessor-version":[{"id":1170,"href":"https:\/\/viel-gs.de\/en\/wp-json\/wp\/v2\/pages\/95\/revisions\/1170"}],"wp:attachment":[{"href":"https:\/\/viel-gs.de\/en\/wp-json\/wp\/v2\/media?parent=95"}],"curies":[{"name":"wp","href":"https:\/\/api.w.org\/{rel}","templated":true}]}}